{"id":1805,"date":"2021-10-12T11:51:21","date_gmt":"2021-10-12T15:51:21","guid":{"rendered":"https:\/\/www.traditiumcanada.com\/installation\/"},"modified":"2024-11-28T11:14:11","modified_gmt":"2024-11-28T16:14:11","slug":"installation","status":"publish","type":"page","link":"https:\/\/traditiumcanada.com\/fr\/installation\/","title":{"rendered":"Installation"},"content":{"rendered":"<div id=\"pl-1805\"  class=\"panel-layout\" ><div id=\"pg-1805-0\"  class=\"panel-grid panel-has-style\" ><div class=\"background-gradient-top siteorigin-panels-stretch full background-display-auto panel-row-style panel-row-style-for-1805-0\" ><div id=\"pgc-1805-0-0\"  class=\"panel-grid-cell\" ><div id=\"panel-1805-0-0-0\" class=\"so-panel widget widget_traditium_texte_generique widget_texte_generique panel-first-child panel-last-child\" data-index=\"0\" ><div class=\"page-intro panel-widget-style panel-widget-style-for-1805-0-0-0\" >\n\t\t<div class=\"widget-container center\">\n\n\t\t\t\t\t\t\t\t\t\t\t\t\t\t<h3 class=\"h3 widget-title\">Concept emballage &quot;Installation facile&quot;<\/h3>\t\t\t\n\t\t\t\t\t\t\t\t\t\t<p>Les m\u0153urs changent et certaines familles pr\u00e9f\u00e8rent rendre leurs derniers hommage lors d'une c\u00e9r\u00e9monie priv\u00e9 ou dans un lieu symbolique. TRADITIUM\u2122 est aussi con\u00e7u pour \u00eatre install\u00e9 lors d'une c\u00e9r\u00e9monie familiale gr\u00e2ce \u00e0 notre emballage \"Installation facile\".<br \/>\n\u200b<br \/>\nNotre emballage \"Installation facile\" est aussi disponible chez v\u00f4tre r\u00e9sidence fun\u00e9raire d\u00e9taillant autoris\u00e9 des produits TRADITIUM\u2122.<\/p>\n\t\t\t\n\t\t\t\t\t\t\n\t\t<\/div>\n\n\n\t\t<\/div><\/div><\/div><\/div><\/div><div id=\"pg-1805-1\"  class=\"panel-grid panel-has-style\" ><div class=\"siteorigin-panels-stretch full background-display-auto panel-row-style panel-row-style-for-1805-1\" ><div id=\"pgc-1805-1-0\"  class=\"panel-grid-cell\" ><div id=\"panel-1805-1-0-0\" class=\"so-panel widget widget_traditium_video widget_video panel-first-child panel-last-child\" data-index=\"1\" >\n\t\t\t\t\t\t\t<div class=\"boxed widget_video-layout\">\n\t\t\t\t<div class=\"widget_video-container\">\n\t\t\t\t\t<div class=\"video-player\" data-video-id=\"zvXHPSoWC6I\" data-video-start=\"0\" data-video-mute=\"0\">\n\t\t\t\t\t\t<div class=\"video-iframe-wrapper\">\n\t\t\t\t\t\t\t<div class=\"video-iframe\"><!-- 1. The <iframe> (and video player) will replace this <div> tag. --><\/div><!-- .video-player-iframe -->\n\t\t\t\t\t\t<\/div><!-- .video-iframe-wrapper -->\n\t\t\t\t\t\t<div class=\"video-thumbnail-wrapper\">\n\t\t\t\t\t\t\t<img decoding=\"async\" class=\"video-thumbnail\" src=\"\" alt=\"Video thumbnail\" \/>\n\t\t\t\t\t\t<\/div><!-- .video-thumbnail-wrapper -->\n\t\t\t\t\t\t<div class=\"video-overlay\">\n\t\t\t\t\t\t\t<div class=\"video-overlay-button\"><\/div>\n\t\t\t\t\t\t<\/div><!-- .video-overlay -->\n\t\t\t\t\t\t<div class=\"video-controller\"><\/div><!-- .video-controller -->\n\t\t\t\t\t<\/div><!-- .video-player -->\n\t\t\t\t<\/div>\n\t\t\t<\/div>\n\t\t\n\t\t<\/div><\/div><\/div><\/div><div id=\"pg-1805-2\"  class=\"panel-grid panel-has-style\" ><div class=\"siteorigin-panels-stretch full background-display-auto panel-row-style panel-row-style-for-1805-2\" ><div id=\"pgc-1805-2-0\"  class=\"panel-grid-cell\" ><div id=\"panel-1805-2-0-0\" class=\"so-panel widget widget_traditium_transport_schema widget_transport_schema panel-first-child panel-last-child\" data-index=\"2\" >\n\t\t<div class=\"boxed-wide widget_transport_schema-layout center\">\n\n\t\t\t<div class=\"transport-schema-info\">\n\t\t\t\t<div class=\"columbarium-banner\">Transportable<\/div>\n\n\t\t\t\t\t\t\t\t\t\t\t\t\t<h3>La nouvelle g\u00e9n\u00e9ration de service fun\u00e9raire<\/h3>\n\t\t\t\t\n\t\t\t\t\t\t\t\t\t\t\t<\/div>\n\n\t\t\t<div class=\"transport-schema\">\n\t\t\t\t<img decoding=\"async\" src=\"https:\/\/traditiumcanada.com\/wp-content\/themes\/traditium\/images\/modele-transportable-traditium.webp\" alt=\"Columbrium transport\">\n\t\t\t\t<div class=\"transport-schema-specs\">\n\t\t\t\t\t<div id=\"first-spec\">\n\t\t\t\t\t\t\t\t\t\t\t\t<p>Plaque de support pour coussin floral<\/p>\n\t\t\t\t\t<\/div>\n\t\t\t\t\t<div id=\"second-spec\">\n\t\t\t\t\t\t\t\t\t\t\t\t<p>Verrous pour la plaque de support de l&#039;urne<\/p>\n\t\t\t\t\t<\/div>\n\t\t\t\t\t<div id=\"third-spec\">\n\t\t\t\t\t\t\t\t\t\t\t\t<p>Poign\u00e9es pour porteurs<\/p>\n\t\t\t\t\t<\/div>\n\t\t\t\t\t<div id=\"fourth-spec\">\n\t\t\t\t\t\t\t\t\t\t\t\t<p>Plaque de support pour l&#039;urne<\/p>\n\t\t\t\t\t<\/div>\n\t\t\t\t\t<div id=\"fifth-spec\">\n\t\t\t\t\t\t\t\t\t\t\t\t<p>Attaches ajustables pour le columbarium<\/p>\n\t\t\t\t\t<\/div>\n\t\t\t\t<\/div>\n\t\t\t<\/div>\n\n\t\t<\/div>\n\n\t\t<\/div><\/div><\/div><\/div><div id=\"pg-1805-3\"  class=\"panel-grid panel-has-style\" ><div class=\"background-gradient-top siteorigin-panels-stretch full background-display-auto panel-row-style panel-row-style-for-1805-3\" ><div id=\"pgc-1805-3-0\"  class=\"panel-grid-cell\" ><div class=\"boxed-wide-half-left panel-cell-style panel-cell-style-for-1805-3-0\" ><div id=\"panel-1805-3-0-0\" class=\"so-panel widget widget_traditium_texte_generique widget_texte_generique panel-first-child panel-last-child\" data-index=\"3\" >\n\t\t<div class=\"widget-container left\">\n\n\t\t\t\t\t\t\t\t\t\t\t\t\t\t<h3 class=\"h4 widget-title\">Une approche professionnelle<\/h3>\t\t\t\n\t\t\t\t\t\t\t\t\t\t<p>Alors qu'un enterrement conventionnel consiste \u00e0 l'acheminement d'un cercueil et de la d\u00e9pouille au cimeti\u00e8re en vue de la c\u00e9r\u00e9monie de mise en terre, le transporteur, quant \u00e0 lui, est l'outil qui sert \u00e0 acheminer le columbarium et l'urne au cimeti\u00e8re en vue de la c\u00e9r\u00e9monie de mise en niche de l'urne.<\/p>\n\t\t\t\n\t\t\t\t\t\t\n\t\t<\/div>\n\n\n\t\t<\/div><\/div><\/div><div id=\"pgc-1805-3-1\"  class=\"panel-grid-cell\" ><div class=\"panel-cell-style panel-cell-style-for-1805-3-1\" ><div id=\"panel-1805-3-1-0\" class=\"so-panel widget widget_traditium_image widget_image panel-first-child panel-last-child\" data-index=\"4\" >\n\t\t\t\t\t\t\t<img loading=\"lazy\" decoding=\"async\" width=\"1250\" height=\"733\" src=\"https:\/\/traditiumcanada.com\/wp-content\/uploads\/installation-columbarium-traditium-1-1250x733.jpg\" class=\"attachment-large size-large\" alt=\"\" srcset=\"https:\/\/traditiumcanada.com\/wp-content\/uploads\/installation-columbarium-traditium-1-1250x733.jpg 1250w, https:\/\/traditiumcanada.com\/wp-content\/uploads\/installation-columbarium-traditium-1-300x176.jpg 300w, https:\/\/traditiumcanada.com\/wp-content\/uploads\/installation-columbarium-traditium-1-768x450.jpg 768w, https:\/\/traditiumcanada.com\/wp-content\/uploads\/installation-columbarium-traditium-1-1536x900.jpg 1536w, https:\/\/traditiumcanada.com\/wp-content\/uploads\/installation-columbarium-traditium-1.jpg 2000w\" sizes=\"auto, (max-width: 1250px) 100vw, 1250px\" \/>\t\t\n\t\t<\/div><\/div><\/div><\/div><\/div><div id=\"pg-1805-4\"  class=\"panel-grid panel-has-style\" ><div class=\"siteorigin-panels-stretch full background-display-auto panel-row-style panel-row-style-for-1805-4\" ><div id=\"pgc-1805-4-0\"  class=\"panel-grid-cell\" ><div id=\"panel-1805-4-0-0\" class=\"so-panel widget widget_traditium_video widget_video panel-first-child panel-last-child\" data-index=\"5\" >\n\t\t\t\t\t\t\t<div class=\"boxed widget_video-layout\">\n\t\t\t\t<div class=\"widget_video-container\">\n\t\t\t\t\t<div class=\"video-player\" data-video-id=\"olmyVN2E4lc\" data-video-start=\"0\" data-video-mute=\"0\">\n\t\t\t\t\t\t<div class=\"video-iframe-wrapper\">\n\t\t\t\t\t\t\t<div class=\"video-iframe\"><!-- 1. The <iframe> (and video player) will replace this <div> tag. --><\/div><!-- .video-player-iframe -->\n\t\t\t\t\t\t<\/div><!-- .video-iframe-wrapper -->\n\t\t\t\t\t\t<div class=\"video-thumbnail-wrapper\">\n\t\t\t\t\t\t\t<img decoding=\"async\" class=\"video-thumbnail\" src=\"\" alt=\"Video thumbnail\" \/>\n\t\t\t\t\t\t<\/div><!-- .video-thumbnail-wrapper -->\n\t\t\t\t\t\t<div class=\"video-overlay\">\n\t\t\t\t\t\t\t<div class=\"video-overlay-button\"><\/div>\n\t\t\t\t\t\t<\/div><!-- .video-overlay -->\n\t\t\t\t\t\t<div class=\"video-controller\"><\/div><!-- .video-controller -->\n\t\t\t\t\t<\/div><!-- .video-player -->\n\t\t\t\t<\/div>\n\t\t\t<\/div>\n\t\t\n\t\t<\/div><\/div><\/div><\/div><\/div>","protected":false},"excerpt":{"rendered":"<p>Concept emballage &quot;Installation facile&quot; Les m\u0153urs changent et certaines familles pr\u00e9f\u00e8rent rendre leurs derniers hommage lors d&#8217;une c\u00e9r\u00e9monie priv\u00e9 ou dans un lieu symbolique. TRADITIUM\u2122 est aussi con\u00e7u pour \u00eatre install\u00e9 lors d&#8217;une c\u00e9r\u00e9monie familiale gr\u00e2ce \u00e0 notre emballage &#8220;Installation facile&#8221;. \u200b Notre emballage &#8220;Installation facile&#8221; est aussi disponible chez v\u00f4tre r\u00e9sidence fun\u00e9raire d\u00e9taillant autoris\u00e9 [&hellip;]<\/p>\n","protected":false},"author":9,"featured_media":0,"parent":0,"menu_order":15,"comment_status":"closed","ping_status":"closed","template":"","meta":{"_acf_changed":false,"footnotes":""},"class_list":["post-1805","page","type-page","status-publish","hentry"],"acf":[],"_links":{"self":[{"href":"https:\/\/traditiumcanada.com\/fr\/wp-json\/wp\/v2\/pages\/1805","targetHints":{"allow":["GET"]}}],"collection":[{"href":"https:\/\/traditiumcanada.com\/fr\/wp-json\/wp\/v2\/pages"}],"about":[{"href":"https:\/\/traditiumcanada.com\/fr\/wp-json\/wp\/v2\/types\/page"}],"author":[{"embeddable":true,"href":"https:\/\/traditiumcanada.com\/fr\/wp-json\/wp\/v2\/users\/9"}],"replies":[{"embeddable":true,"href":"https:\/\/traditiumcanada.com\/fr\/wp-json\/wp\/v2\/comments?post=1805"}],"version-history":[{"count":7,"href":"https:\/\/traditiumcanada.com\/fr\/wp-json\/wp\/v2\/pages\/1805\/revisions"}],"predecessor-version":[{"id":3297,"href":"https:\/\/traditiumcanada.com\/fr\/wp-json\/wp\/v2\/pages\/1805\/revisions\/3297"}],"wp:attachment":[{"href":"https:\/\/traditiumcanada.com\/fr\/wp-json\/wp\/v2\/media?parent=1805"}],"curies":[{"name":"wp","href":"https:\/\/api.w.org\/{rel}","templated":true}]}}